{"id":8105,"date":"2022-09-10T23:25:31","date_gmt":"2022-09-10T23:25:31","guid":{"rendered":"https:\/\/flairandvision.com\/profil-de-lentreprise\/"},"modified":"2022-09-23T04:16:26","modified_gmt":"2022-09-23T04:16:26","slug":"profil-de-lentreprise","status":"publish","type":"page","link":"https:\/\/flairandvision.com\/fr\/profil-de-lentreprise\/","title":{"rendered":"Profil de l&#8217;entreprise"},"content":{"rendered":"<div class=\"wpb-content-wrapper\"><p>[vc_row][vc_column width=&#8221;2\/3&#8243;][vc_column_text]<\/p>\n<blockquote>\n<p style=\"text-align: justify;\"><strong>&#8220;D\u00e9termin\u00e9s d&#8217;aider les nouvelles entreprises \u00e0 d\u00e9marrer et les entreprises \u00e9tablies \u00e0 se d\u00e9velopper&#8221;.<\/strong><\/p>\n<\/blockquote>\n<p>[\/vc_column_text][vc_column_text]<\/p>\n<p style=\"text-align: justify;\"><span style=\"font-size: 10.5pt; color: #243238;\">Flair &amp; Vision est un cabinet de conseil en marketing sp\u00e9cialis\u00e9e, dont l&#8217;objectif est de <strong>donner du pouvoir \u00e0 votre marque<\/strong> et d&#8217;\u00e9quiper votre entreprise avec les <strong>conseils en marketing<\/strong> n\u00e9cessaires pour r\u00e9ussir. Nous nous engageons \u00e0 vous aider \u00e0 lib\u00e9rer votre potentiel de croissance et \u00e0 vous mettre sur la voie du succ\u00e8s et du profit.<\/span><\/p>\n<p style=\"text-align: justify;\"><span style=\"font-size: 10.5pt; color: #243238;\">Nos services comprennent une consultation compl\u00e8te pour vous aider \u00e0 identifier les lacunes et les opportunit\u00e9s gr\u00e2ce \u00e0 la <strong>segmentation du march\u00e9 <\/strong>et au suivi des <strong>tendances <\/strong>, afin de d\u00e9velopper votre <strong>strat\u00e9gie marketing<\/strong>, votre <strong>pipeline d&#8217;innovation<\/strong>, votre <strong>gamme de produits<\/strong> et votre <strong>positionnement<\/strong>.<\/span><\/p>\n<p style=\"text-align: justify;\"><span style=\"font-size: 10.5pt; color: #243238;\">Nous fournissons un soutien marketing \u00e0 360\u00b0, depuis l&#8217;<strong>analyse strat\u00e9gique du march\u00e9 et des consommateurs<\/strong> jusqu&#8217;aux livrables n\u00e9cessaires tels que les <strong>pr\u00e9sentations de vente<\/strong>, les <strong>argumentaires<\/strong>, les approches du <strong>march\u00e9<\/strong>, les <strong>plans d&#8217;expansion<\/strong>, la <strong>cr\u00e9ation de sites web<\/strong> et la pr\u00e9sence sur les <strong>m\u00e9dias sociaux<\/strong>. <\/span><\/p>\n<p><span style=\"font-size: 10.5pt; color: #243238;\">Nous proposons \u00e9galement des <strong>cours de marketing en ligne<\/strong> pour les professionnels et les particuliers en qu\u00eate de d\u00e9veloppement personnel.<\/span>[\/vc_column_text][stm_spacing lg_spacing=&#8221;40&#8243; md_spacing=&#8221;20&#8243; sm_spacing=&#8221;10&#8243; xs_spacing=&#8221;5&#8243;][\/vc_column][vc_column width=&#8221;1\/3&#8243;][vc_single_image image=&#8221;7502&#8243; img_size=&#8221;560&#215;620&#8243; alignment=&#8221;right&#8221; style=&#8221;vc_box_rounded&#8221;][\/vc_column][\/vc_row][vc_row full_width=&#8221;stretch_row&#8221; equal_height=&#8221;yes&#8221; el_class=&#8221;about-bg-right&#8221;][vc_column][vc_custom_heading text=&#8221;Notre vision&#8221; font_container=&#8221;tag:h3|text_align:left&#8221; google_fonts=&#8221;font_family:Montserrat%3Aregular%2C700|font_style:700%20bold%20regular%3A700%3Anormal&#8221; css=&#8221;.vc_custom_1636855995996{margin-top: 50px !important;margin-bottom: 25px !important;}&#8221;][vc_column_text css=&#8221;.vc_custom_1636855981458{margin-bottom: 22px !important;}&#8221;]<\/p>\n<p style=\"text-align: justify;\">Construire des strat\u00e9gies de marketing et de mise sur le march\u00e9 pour les entreprises, en pla\u00e7ant les consommateurs et les clients au c\u0153ur de la strat\u00e9gie de marque, ce qui leur permet de contribuer \u00e0 la croissance \u00e9conomique des march\u00e9s \u00e9mergents.<\/p>\n<p>[\/vc_column_text][vc_custom_heading text=&#8221;Notre mission&#8221; font_container=&#8221;tag:h3|text_align:left&#8221; google_fonts=&#8221;font_family:Montserrat%3Aregular%2C700|font_style:700%20bold%20regular%3A700%3Anormal&#8221; css=&#8221;.vc_custom_1636856120688{margin-top: 50px !important;margin-bottom: 25px !important;}&#8221;][vc_column_text css=&#8221;.vc_custom_1636856230525{margin-bottom: 22px !important;}&#8221;]<\/p>\n<p style=\"text-align: justify;\">Nous collaborons et co-cr\u00e9ons des strat\u00e9gies gagnantes avec les entreprises pour construire une croissance saine et durable.<br \/>\nNous accompagnons nos clients dans la cr\u00e9ation d&#8217;une gamme de produits adapt\u00e9s \u00e0 leur march\u00e9 cible, dans la planification et la mise en \u0153uvre d&#8217;une strat\u00e9gie de marketing, dans la conception et l&#8217;application d&#8217;une signature olfactive pour renforcer l&#8217;image de marque, et nous les aidons \u00e9galement \u00e0 raconter des histoires d&#8217;entreprise \u00e0 entreprise et \u00e0 pr\u00e9parer des pr\u00e9sentations.[\/vc_column_text][vc_custom_heading text=&#8221;Nos valeurs fondamentales&#8221; font_container=&#8221;tag:h3|text_align:left&#8221; google_fonts=&#8221;font_family:Montserrat%3Aregular%2C700|font_style:700%20bold%20regular%3A700%3Anormal&#8221; css=&#8221;.vc_custom_1636856335083{margin-top: 50px !important;margin-bottom: 25px !important;}&#8221;][vc_row_inner][vc_column_inner width=&#8221;1\/5&#8243;][stm_spacing][stm_icon_box title_color=&#8221;custom&#8221; hide_title_line=&#8221;hide_title_line&#8221; icon_size=&#8221;8&#8243; icon_color=&#8221;custom&#8221; icon_height=&#8221;30&#8243; css=&#8221;.vc_custom_1657651631547{margin-bottom: 28px !important;}&#8221; icon_color_custom=&#8221;#ffffff&#8221; title_color_custom=&#8221;#000000&#8243; title_font_size=&#8221;2px&#8221;]<\/p>\n<p style=\"text-align: center;\"><span style=\"font-size: 12pt; color: #000000;\"><strong>Autonomisation des jeunes et des femmes<\/strong><\/span><\/p>\n<p>[\/stm_icon_box][\/vc_column_inner][vc_column_inner width=&#8221;1\/5&#8243;][stm_spacing][stm_animation_block animation=&#8221;bounce&#8221; animation_duration=&#8221;0.5&#8243; animation_delay=&#8221;0.3&#8243;][stm_icon_box title_color=&#8221;custom&#8221; hide_title_line=&#8221;hide_title_line&#8221; icon_size=&#8221;3&#8243; icon_color=&#8221;custom&#8221; icon_height=&#8221;30&#8243; css=&#8221;.vc_custom_1657651747235{margin-bottom: 28px !important;}&#8221; icon_color_custom=&#8221;#ffffff&#8221; title_color_custom=&#8221;#000000&#8243; title_font_size=&#8221;2px&#8221;]<\/p>\n<p style=\"text-align: center;\"><span style=\"font-size: 12pt; color: #000000;\"><strong>Cr\u00e9ativit\u00e9<\/strong><\/span><\/p>\n<p>[\/stm_icon_box][\/stm_animation_block][\/vc_column_inner][vc_column_inner width=&#8221;1\/5&#8243;][stm_spacing][stm_animation_block animation=&#8221;bounce&#8221; animation_duration=&#8221;0.5&#8243; animation_delay=&#8221;0.3&#8243;][stm_icon_box title_color=&#8221;custom&#8221; hide_title_line=&#8221;hide_title_line&#8221; v_align_middle=&#8221;enable&#8221; icon_size=&#8221;8&#8243; icon_color=&#8221;custom&#8221; icon_height=&#8221;30&#8243; css=&#8221;.vc_custom_1638732516010{margin-bottom: 28px !important;}&#8221; icon_color_custom=&#8221;#ffffff&#8221; title_color_custom=&#8221;#000000&#8243; title_font_size=&#8221;2px&#8221;]<\/p>\n<p style=\"text-align: center;\"><span style=\"font-size: 12pt; color: #000000;\"><strong>Collaboration<\/strong><\/span><\/p>\n<p>[\/stm_icon_box][\/stm_animation_block][\/vc_column_inner][vc_column_inner width=&#8221;1\/5&#8243;][stm_spacing][stm_animation_block animation=&#8221;bounce&#8221; animation_duration=&#8221;0.5&#8243; animation_delay=&#8221;0.3&#8243;][stm_icon_box title_color=&#8221;custom&#8221; hide_title_line=&#8221;hide_title_line&#8221; v_align_middle=&#8221;enable&#8221; icon_size=&#8221;8&#8243; icon_color=&#8221;custom&#8221; icon_height=&#8221;30&#8243; css=&#8221;.vc_custom_1638732525549{margin-bottom: 28px !important;}&#8221; icon_color_custom=&#8221;#ffffff&#8221; title_color_custom=&#8221;#000000&#8243; title_font_size=&#8221;2px&#8221;]<\/p>\n<p style=\"text-align: center;\"><span style=\"font-size: 12pt; color: #000000;\"><strong>Fiabilit\u00e9<\/strong><\/span><\/p>\n<p>[\/stm_icon_box][\/stm_animation_block][\/vc_column_inner][vc_column_inner width=&#8221;1\/5&#8243;][stm_spacing][stm_animation_block animation=&#8221;bounce&#8221; animation_duration=&#8221;0.5&#8243; animation_delay=&#8221;0.3&#8243;][stm_icon_box title_color=&#8221;custom&#8221; hide_title_line=&#8221;hide_title_line&#8221; v_align_middle=&#8221;enable&#8221; icon_size=&#8221;8&#8243; icon_color=&#8221;custom&#8221; icon_height=&#8221;30&#8243; css=&#8221;.vc_custom_1663536996720{margin-bottom: 28px !important;}&#8221; icon_color_custom=&#8221;#ffffff&#8221; title_color_custom=&#8221;#000000&#8243; title_font_size=&#8221;2px&#8221;]<\/p>\n<p style=\"text-align: center;\"><span style=\"color: #000000; font-size: 12pt;\"><strong>inclusivit\u00e9 <\/strong><br \/>\n<\/span><span style=\"color: #000000; font-size: 12pt;\"><strong>&amp; <\/strong><\/span><span style=\"color: #000000; font-size: 12pt;\"><strong>Durabilit\u00e9<\/strong><\/span><\/p>\n<p>[\/stm_icon_box][\/stm_animation_block][\/vc_column_inner][\/vc_row_inner][stm_spacing lg_spacing=&#8221;20&#8243; md_spacing=&#8221;20&#8243; sm_spacing=&#8221;10&#8243; xs_spacing=&#8221;10&#8243;][stm_spacing lg_spacing=&#8221;50&#8243; md_spacing=&#8221;50&#8243; sm_spacing=&#8221;30&#8243; xs_spacing=&#8221;20&#8243;][\/vc_column][\/vc_row][vc_row full_width=&#8221;stretch_row&#8221; css=&#8221;.vc_custom_1638733637361{margin-bottom: -60px !important;background-color: #f2f4fa !important;}&#8221;][vc_column][stm_spacing lg_spacing=&#8221;80&#8243; md_spacing=&#8221;70&#8243; sm_spacing=&#8221;60&#8243; xs_spacing=&#8221;50&#8243;][vc_custom_heading stm_title_font_weight=&#8221;600&#8243; text=&#8221;\u00c0 propos du cofondatrice&#8221; font_container=&#8221;tag:h4|text_align:left&#8221; use_theme_fonts=&#8221;yes&#8221;][stm_spacing lg_spacing=&#8221;40&#8243; md_spacing=&#8221;30&#8243; sm_spacing=&#8221;20&#8243; xs_spacing=&#8221;10&#8243;][vc_row_inner css=&#8221;.vc_custom_1638733764441{background-color: #f2f4fa !important;}&#8221;][vc_column_inner width=&#8221;1\/4&#8243; css=&#8221;.vc_custom_1638733231403{background-color: #f2f4fa !important;}&#8221;][vc_single_image image=&#8221;7136&#8243; img_size=&#8221;400&#215;420&#8243; style=&#8221;vc_box_rounded&#8221;][stm_spacing lg_spacing=&#8221;5&#8243; md_spacing=&#8221;50&#8243; sm_spacing=&#8221;10&#8243; xs_spacing=&#8221;10&#8243;][\/vc_column_inner][vc_column_inner width=&#8221;3\/4&#8243; css=&#8221;.vc_custom_1638733212153{background-color: #f2f4fa !important;}&#8221;][vc_column_text]<\/p>\n<p style=\"text-align: justify;\">Sana Choyakh, directrice g\u00e9n\u00e9rale de Flair &amp; Vision, est une experte en strat\u00e9gie marketing, sp\u00e9cialis\u00e9e dans la strat\u00e9gie marketing pour les biens de consommation et les parfums.<\/p>\n<p style=\"text-align: justify;\">Avec plus de 20 ans d&#8217;exp\u00e9rience au sein d&#8217;organisations multinationales, notamment <u><a href=\"https:\/\/www.henkel.com\/\">Henkel<\/a><\/u>, <a href=\"https:\/\/www.colgatepalmolive.com\/\">Colgate Palmolive<\/a> and <u><a href=\"http:\/\/www.givaudan.com\/\">Givaudan<\/a>.<\/u>\u00a0Elle a occup\u00e9 des postes de direction et a r\u00e9ussi \u00e0 accro\u00eetre les parts de march\u00e9 en Asie du Sud, au Moyen-Orient et en Afrique pour des marques internationales telles que Persil, Pril, Soupline et Palmolive, <u><a href=\"http:\/\/www.groupeclarins.com\/en\">Clarins<\/a><\/u>, <u><a href=\"https:\/\/www.guerlain.com\/\">Guerlain<\/a><\/u>\u00a0etc. par le biais de programmes de marketing \u00e0 360\u00b0 et d&#8217;activation de la marque \u00e0 grande \u00e9chelle.<\/p>\n<p>[\/vc_column_text][vc_btn title=&#8221;Lire la suite&#8221; color=&#8221;link&#8221; align=&#8221;left&#8221; i_align=&#8221;right&#8221; i_icon_fontawesome=&#8221;stm-delhi-chevron-right&#8221; add_icon=&#8221;true&#8221; link=&#8221;url:https%3A%2F%2Fflairandvision.com%2Ffr%2Fstaff%2Fsana-choyakh%2F|&#8221; css=&#8221;.vc_custom_1638733220630{background-color: #f2f4fa !important;}&#8221;][\/vc_column_inner][\/vc_row_inner][stm_spacing lg_spacing=&#8221;20&#8243; md_spacing=&#8221;20&#8243; sm_spacing=&#8221;30&#8243; xs_spacing=&#8221;30&#8243;][\/vc_column][\/vc_row]<\/p>\n<\/div>","protected":false},"excerpt":{"rendered":"<p>[vc_row][vc_column width=&#8221;2\/3&#8243;][vc_column_text] &#8220;D\u00e9termin\u00e9s d&#8217;aider les nouvelles entreprises \u00e0 d\u00e9marrer et les entreprises \u00e9tablies \u00e0 se d\u00e9velopper&#8221;. [\/vc_column_text][vc_column_text] Flair &amp; Vision est un cabinet de conseil en marketing sp\u00e9cialis\u00e9e, dont l&#8217;objectif est de donner du pouvoir \u00e0 votre marque et d&#8217;\u00e9quiper votre entreprise avec les conseils en marketing n\u00e9cessaires pour r\u00e9ussir. Nous nous engageons \u00e0 vous<\/p>\n","protected":false},"author":1,"featured_media":0,"parent":0,"menu_order":0,"comment_status":"closed","ping_status":"closed","template":"","meta":{"footnotes":""},"class_list":["post-8105","page","type-page","status-publish","hentry"],"_hostinger_reach_plugin_has_subscription_block":false,"_hostinger_reach_plugin_is_elementor":false,"_links":{"self":[{"href":"https:\/\/flairandvision.com\/fr\/wp-json\/wp\/v2\/pages\/8105","targetHints":{"allow":["GET"]}}],"collection":[{"href":"https:\/\/flairandvision.com\/fr\/wp-json\/wp\/v2\/pages"}],"about":[{"href":"https:\/\/flairandvision.com\/fr\/wp-json\/wp\/v2\/types\/page"}],"author":[{"embeddable":true,"href":"https:\/\/flairandvision.com\/fr\/wp-json\/wp\/v2\/users\/1"}],"replies":[{"embeddable":true,"href":"https:\/\/flairandvision.com\/fr\/wp-json\/wp\/v2\/comments?post=8105"}],"version-history":[{"count":16,"href":"https:\/\/flairandvision.com\/fr\/wp-json\/wp\/v2\/pages\/8105\/revisions"}],"predecessor-version":[{"id":8256,"href":"https:\/\/flairandvision.com\/fr\/wp-json\/wp\/v2\/pages\/8105\/revisions\/8256"}],"wp:attachment":[{"href":"https:\/\/flairandvision.com\/fr\/wp-json\/wp\/v2\/media?parent=8105"}],"curies":[{"name":"wp","href":"https:\/\/api.w.org\/{rel}","templated":true}]}}