{"id":8104,"date":"2022-09-10T23:25:31","date_gmt":"2022-09-10T23:25:31","guid":{"rendered":"https:\/\/flairandvision.com\/politique-de-confidentialite\/"},"modified":"2022-09-18T22:29:12","modified_gmt":"2022-09-18T22:29:12","slug":"politique-de-confidentialite","status":"publish","type":"page","link":"https:\/\/flairandvision.com\/fr\/politique-de-confidentialite\/","title":{"rendered":"Politique de confidentialit\u00e9"},"content":{"rendered":"<div class=\"wpb-content-wrapper\"><p>[vc_row][vc_column][vc_custom_heading stripe_pos=&#8221;hide&#8221; text=&#8221;Politique de confidentialit\u00e9 de https:\/\/flairandvision.com\/&#8221; font_container=&#8221;tag:h5|text_align:left|color:%230a0a0a&#8221; use_theme_fonts=&#8221;yes&#8221;][vc_column_text]\u00e0 FLAIR et VISION, nous collectons et g\u00e9rons les donn\u00e9es des utilisateurs conform\u00e9ment \u00e0 la politique de confidentialit\u00e9 suivante.[\/vc_column_text][vc_custom_heading stripe_pos=&#8221;hide&#8221; stm_title_font_weight=&#8221;400&#8243; text=&#8221;Donn\u00e9es collect\u00e9es&#8221; font_container=&#8221;tag:h6|text_align:left|color:%230a0a0a&#8221; use_theme_fonts=&#8221;yes&#8221;][vc_column_text]<\/p>\n<p style=\"text-align: justify;\">Nous recueillons les informations que vous nous fournissez directement. Par exemple, nous recueillons des informations lorsque vous cr\u00e9ez un compte, vous abonnez, participez \u00e0 des fonctions interactives de nos services, remplissez un formulaire, demandez une assistance \u00e0 la client\u00e8le ou communiquez avec nous de toute autre mani\u00e8re. Les types d&#8217;informations que nous pouvons recueillir comprennent votre nom, votre adresse \u00e9lectronique, votre adresse postale, les informations relatives \u00e0 votre carte de cr\u00e9dit et d&#8217;autres informations de contact ou d&#8217;identification que vous choisissez de fournir.<\/p>\n<p style=\"text-align: justify;\">Nous recueillons des donn\u00e9es anonymes sur chaque visiteur du site web afin de surveiller le trafic et de corriger les bugs. Par exemple, nous recueillons des informations telles que les requ\u00eates web, les donn\u00e9es envoy\u00e9es en r\u00e9ponse \u00e0 ces requ\u00eates, l&#8217;adresse du protocole Internet, le type de navigateur, la langue du navigateur et un horodatage de la requ\u00eate.<\/p>\n<p style=\"text-align: justify;\">Nous utilisons \u00e9galement diverses technologies pour collecter des informations, ce qui peut inclure l&#8217;envoi de cookies \u00e0 votre ordinateur. Les cookies sont de petits fichiers de donn\u00e9es stock\u00e9s sur votre disque dur ou dans la m\u00e9moire de votre appareil qui nous aident \u00e0 am\u00e9liorer nos services et votre exp\u00e9rience, \u00e0 voir quelles zones et fonctionnalit\u00e9s de nos services sont populaires et \u00e0 compter les visites. Nous pouvons \u00e9galement recueillir des informations \u00e0 l&#8217;aide de balises web (\u00e9galement appel\u00e9es &#8220;pixels de suivi&#8221;). Les pixels invisibles sont des images \u00e9lectroniques qui peuvent \u00eatre utilis\u00e9es dans nos services ou nos courriels et pour suivre les visites ou comprendre l&#8217;utilisation et l&#8217;efficacit\u00e9 des campagnes. Notre politique de confidentialit\u00e9 a \u00e9t\u00e9 cr\u00e9\u00e9e \u00e0 l&#8217;aide du g\u00e9n\u00e9rateur de mod\u00e8les de politique de confidentialit\u00e9.<\/p>\n<p>[\/vc_column_text][vc_custom_heading stripe_pos=&#8221;hide&#8221; stm_title_font_weight=&#8221;400&#8243; text=&#8221;Utilisation des donn\u00e9es&#8221; font_container=&#8221;tag:h6|text_align:left|color:%230a0a0a&#8221; use_theme_fonts=&#8221;yes&#8221;][vc_column_text]<\/p>\n<p style=\"text-align: justify;\">Nous n&#8217;utilisons vos informations personnelles que pour vous fournir les services FLAIR et VISION ou pour communiquer avec vous au sujet du site Web ou des services.<\/p>\n<p style=\"text-align: justify;\">Nous utilisons les techniques standard du secteur pour nous prot\u00e9ger contre l&#8217;acc\u00e8s non autoris\u00e9 aux donn\u00e9es vous concernant que nous stockons, y compris les informations personnelles.<\/p>\n<p style=\"text-align: justify;\">Nous ne partageons pas les informations personnelles que vous nous avez fournies sans votre consentement, sauf si :<\/p>\n<p style=\"text-align: justify;\">&#8211; Cela est appropri\u00e9 pour effectuer votre propre demande:<\/p>\n<p style=\"text-align: justify;\">&#8211; Nous pensons qu&#8217;il est n\u00e9cessaire de faire respecter nos accords juridiques ou que la loi l&#8217;exige.<\/p>\n<p style=\"text-align: justify;\">&#8211; Nous pensons que cela est n\u00e9cessaire pour d\u00e9tecter, pr\u00e9venir ou traiter les fraudes, la s\u00e9curit\u00e9 ou les probl\u00e8mes techniques.<\/p>\n<p>[\/vc_column_text][vc_custom_heading stripe_pos=&#8221;hide&#8221; stm_title_font_weight=&#8221;400&#8243; text=&#8221;Partage des donn\u00e9es&#8221; font_container=&#8221;tag:h6|text_align:left|color:%230a0a0a&#8221; use_theme_fonts=&#8221;yes&#8221;][vc_column_text]<\/p>\n<p style=\"text-align: justify;\">Nous ne partageons pas vos informations personnelles avec des tiers. Des donn\u00e9es agr\u00e9g\u00e9es et anonymis\u00e9es sont p\u00e9riodiquement transmises \u00e0 des services externes pour nous aider \u00e0 am\u00e9liorer le site web et le service.<\/p>\n<p style=\"text-align: justify;\">Nous pouvons autoriser des tiers \u00e0 fournir des services d&#8217;analyse. Ces tiers peuvent utiliser des cookies, des balises web et d&#8217;autres technologies pour collecter des informations sur votre utilisation des services et d&#8217;autres sites web, notamment votre adresse IP, votre navigateur web, les pages consult\u00e9es, le temps pass\u00e9 sur les pages, les liens cliqu\u00e9s et les informations de conversion.<\/p>\n<p>Nous utilisons \u00e9galement des boutons sociaux fournis par des services tels que Twitter, Google+, LinkedIn et Facebook. Votre utilisation de ces services tiers est enti\u00e8rement facultative. Nous ne sommes pas responsables des politiques et\/ou pratiques de confidentialit\u00e9 de ces services tiers, et il vous incombe de lire et de comprendre les politiques de confidentialit\u00e9 de ces services tiers.[\/vc_column_text][vc_custom_heading stripe_pos=&#8221;hide&#8221; stm_title_font_weight=&#8221;400&#8243; text=&#8221;Cookies&#8221; font_container=&#8221;tag:h6|text_align:left|color:%230a0a0a&#8221; use_theme_fonts=&#8221;yes&#8221;][vc_column_text]<\/p>\n<p style=\"text-align: justify;\">Nous utilisons des cookies et des technologies de suivi similaires pour suivre l&#8217;activit\u00e9 sur notre service et nous conservons certaines informations.<\/p>\n<p style=\"text-align: justify;\">Les cookies sont des fichiers contenant une petite quantit\u00e9 de donn\u00e9es qui peuvent inclure un identifiant unique anonyme. Les cookies sont envoy\u00e9s \u00e0 votre navigateur depuis un site web et stock\u00e9s sur votre appareil. D&#8217;autres technologies de suivi sont \u00e9galement utilis\u00e9es, telles que des balises, des marqueurs et des scripts, pour collecter et suivre des informations et pour am\u00e9liorer et analyser notre service.<\/p>\n<p style=\"text-align: justify;\">Vous pouvez demander \u00e0 votre navigateur de refuser tous les cookies ou d&#8217;indiquer quand un cookie est envoy\u00e9. Toutefois, si vous n&#8217;acceptez pas les cookies, il se peut que vous ne puissiez pas utiliser certaines parties de notre service.<\/p>\n<p style=\"text-align: justify;\">Exemples de cookies que nous utilisons :<\/p>\n<p style=\"text-align: justify;\">0.1. Cookies de session : Nous utilisons des cookies de session pour faire fonctionner notre service.<\/p>\n<p style=\"text-align: justify;\">0.2. Cookies de pr\u00e9f\u00e9rence : Nous utilisons des cookies de pr\u00e9f\u00e9rence pour m\u00e9moriser vos pr\u00e9f\u00e9rences et divers param\u00e8tres.<\/p>\n<p style=\"text-align: justify;\">0.3. Cookies de s\u00e9curit\u00e9 : Nous utilisons des cookies de s\u00e9curit\u00e9 \u00e0 des fins de s\u00e9curit\u00e9.<\/p>\n<p>[\/vc_column_text][vc_custom_heading stripe_pos=&#8221;hide&#8221; stm_title_font_weight=&#8221;400&#8243; text=&#8221;Option de refus, pr\u00e9f\u00e9rences en mati\u00e8re de communication&#8221; font_container=&#8221;tag:h6|text_align:left|color:%230a0a0a&#8221; use_theme_fonts=&#8221;yes&#8221;][vc_column_text]<\/p>\n<p style=\"text-align: justify;\">Vous pouvez modifier vos pr\u00e9f\u00e9rences en mati\u00e8re de communication et\/ou vous d\u00e9sabonner de certaines communications \u00e0 tout moment. Veuillez pr\u00e9ciser et ajuster vos pr\u00e9f\u00e9rences.<\/p>\n<p>[\/vc_column_text][vc_custom_heading stripe_pos=&#8221;hide&#8221; stm_title_font_weight=&#8221;400&#8243; text=&#8221;S\u00e9curit\u00e9&#8221; font_container=&#8221;tag:h6|text_align:left|color:%230a0a0a&#8221; use_theme_fonts=&#8221;yes&#8221;][vc_column_text]<\/p>\n<p style=\"text-align: justify;\">Nous prenons des mesures raisonnables pour prot\u00e9ger les informations personnellement identifiables contre la perte, l&#8217;utilisation abusive, l&#8217;acc\u00e8s non autoris\u00e9, la divulgation, l&#8217;alt\u00e9ration ou la destruction. Toutefois, vous devez garder \u00e0 l&#8217;esprit qu&#8217;aucune transmission par Internet n&#8217;est jamais totalement s\u00fbre ou exempte d&#8217;erreurs. En particulier, le courrier \u00e9lectronique envoy\u00e9 vers ou depuis les sites peut ne pas \u00eatre s\u00e9curis\u00e9.<\/p>\n<p>[\/vc_column_text][vc_custom_heading stripe_pos=&#8221;hide&#8221; stm_title_font_weight=&#8221;400&#8243; text=&#8221;Politique de confidentialit\u00e9 en ligne uniquement&#8221; font_container=&#8221;tag:h6|text_align:left|color:%230a0a0a&#8221; use_theme_fonts=&#8221;yes&#8221;][vc_column_text]<\/p>\n<p style=\"text-align: justify;\">Cette politique de confidentialit\u00e9 s&#8217;applique uniquement \u00e0 nos activit\u00e9s en ligne et est valable pour les visiteurs de notre site web en ce qui concerne les informations qu&#8217;ils ont partag\u00e9es et\/ou collect\u00e9es dans FLAIR ET VISION. Cette politique ne s&#8217;applique pas aux informations collect\u00e9es hors ligne ou via des canaux autres que ce site web.<\/p>\n<p>[\/vc_column_text][vc_custom_heading stripe_pos=&#8221;hide&#8221; stm_title_font_weight=&#8221;400&#8243; text=&#8221;Modifications de la politique de confidentialit\u00e9&#8221; font_container=&#8221;tag:h6|text_align:left|color:%230a0a0a&#8221; use_theme_fonts=&#8221;yes&#8221;][vc_column_text]<\/p>\n<p style=\"text-align: justify;\">Nous pouvons modifier cette politique de confidentialit\u00e9 de temps \u00e0 autre. L&#8217;utilisation des informations que nous recueillons maintenant est soumise \u00e0 la politique de confidentialit\u00e9 en vigueur au moment o\u00f9 ces informations sont utilis\u00e9es.<\/p>\n<p style=\"text-align: justify;\">Si nous apportons des modifications importantes \u00e0 la mani\u00e8re dont nous recueillons ou utilisons les informations, nous vous en informerons en publiant une annonce sur le site Web ou en vous envoyant un courriel.<\/p>\n<p>[\/vc_column_text][vc_custom_heading stripe_pos=&#8221;hide&#8221; stm_title_font_weight=&#8221;400&#8243; text=&#8221;Consentement&#8221; font_container=&#8221;tag:h6|text_align:left|color:%230a0a0a&#8221; use_theme_fonts=&#8221;yes&#8221;][vc_column_text]<\/p>\n<p style=\"text-align: justify;\">En utilisant notre site web, vous consentez par la pr\u00e9sente \u00e0 notre politique de confidentialit\u00e9 et acceptez ses conditions g\u00e9n\u00e9rales.<\/p>\n<p>[\/vc_column_text][\/vc_column][\/vc_row]<\/p>\n<\/div>","protected":false},"excerpt":{"rendered":"<p>[vc_row][vc_column][vc_custom_heading stripe_pos=&#8221;hide&#8221; text=&#8221;Politique de confidentialit\u00e9 de https:\/\/flairandvision.com\/&#8221; font_container=&#8221;tag:h5|text_align:left|color:%230a0a0a&#8221; use_theme_fonts=&#8221;yes&#8221;][vc_column_text]\u00e0 FLAIR et VISION, nous collectons et g\u00e9rons les donn\u00e9es des utilisateurs conform\u00e9ment \u00e0 la politique de confidentialit\u00e9 suivante.[\/vc_column_text][vc_custom_heading stripe_pos=&#8221;hide&#8221; stm_title_font_weight=&#8221;400&#8243; text=&#8221;Donn\u00e9es collect\u00e9es&#8221; font_container=&#8221;tag:h6|text_align:left|color:%230a0a0a&#8221; use_theme_fonts=&#8221;yes&#8221;][vc_column_text] Nous recueillons les informations que vous nous fournissez directement. Par exemple, nous recueillons des informations lorsque vous cr\u00e9ez un compte, vous abonnez,<\/p>\n","protected":false},"author":1,"featured_media":0,"parent":0,"menu_order":0,"comment_status":"closed","ping_status":"open","template":"","meta":{"footnotes":""},"class_list":["post-8104","page","type-page","status-publish","hentry"],"_hostinger_reach_plugin_has_subscription_block":false,"_hostinger_reach_plugin_is_elementor":false,"_links":{"self":[{"href":"https:\/\/flairandvision.com\/fr\/wp-json\/wp\/v2\/pages\/8104","targetHints":{"allow":["GET"]}}],"collection":[{"href":"https:\/\/flairandvision.com\/fr\/wp-json\/wp\/v2\/pages"}],"about":[{"href":"https:\/\/flairandvision.com\/fr\/wp-json\/wp\/v2\/types\/page"}],"author":[{"embeddable":true,"href":"https:\/\/flairandvision.com\/fr\/wp-json\/wp\/v2\/users\/1"}],"replies":[{"embeddable":true,"href":"https:\/\/flairandvision.com\/fr\/wp-json\/wp\/v2\/comments?post=8104"}],"version-history":[{"count":6,"href":"https:\/\/flairandvision.com\/fr\/wp-json\/wp\/v2\/pages\/8104\/revisions"}],"predecessor-version":[{"id":8211,"href":"https:\/\/flairandvision.com\/fr\/wp-json\/wp\/v2\/pages\/8104\/revisions\/8211"}],"wp:attachment":[{"href":"https:\/\/flairandvision.com\/fr\/wp-json\/wp\/v2\/media?parent=8104"}],"curies":[{"name":"wp","href":"https:\/\/api.w.org\/{rel}","templated":true}]}}